{"id":2861,"date":"2021-03-23T16:10:14","date_gmt":"2021-03-23T16:10:14","guid":{"rendered":"https:\/\/www.rock-n-data.io\/?page_id=2861"},"modified":"2023-06-02T14:02:12","modified_gmt":"2023-06-02T14:02:12","slug":"fees","status":"publish","type":"page","link":"https:\/\/www.rock-n-data.io\/fr\/fees\/","title":{"rendered":"Fees"},"content":{"rendered":"\n<p class=\"has-text-align-center\"><strong>BAR\u00c8ME DES HONORAIRES DE L\u2019AGENCE AU 1 JANVIER 2021<\/strong><\/p>\n\n\n\n<ol class=\"wp-block-list\">\n<li><strong>Honoraires de vente<\/strong><\/li>\n<\/ol>\n\n\n\n<figure class=\"wp-block-table\"><table><tbody><tr><td class=\"has-text-align-center\" data-align=\"center\"><strong>Montant de la vente compris entre<\/strong><\/td><td class=\"has-text-align-center\" data-align=\"center\"><strong>Honoraires HT<\/strong><\/td><\/tr><tr><td class=\"has-text-align-center\" data-align=\"center\">150 000\u20ac et moins<\/td><td class=\"has-text-align-center\" data-align=\"center\"><strong>10 %<\/strong><\/td><\/tr><tr><td class=\"has-text-align-center\" data-align=\"center\">150 001\u20ac - 500 000\u20ac<\/td><td class=\"has-text-align-center\" data-align=\"center\"><strong>7%<\/strong><\/td><\/tr><tr><td class=\"has-text-align-center\" data-align=\"center\">500 001\u20ac - 1 000 000\u20ac<\/td><td class=\"has-text-align-center\" data-align=\"center\"><strong>5%<\/strong><\/td><\/tr><tr><td class=\"has-text-align-center\" data-align=\"center\">1 000 001\u20ac - 3 000 000\u20ac<\/td><td class=\"has-text-align-center\" data-align=\"center\"><strong>4%<\/strong><\/td><\/tr><tr><td class=\"has-text-align-center\" data-align=\"center\">3 000 001\u20ac - 10 000 000\u20ac<\/td><td class=\"has-text-align-center\" data-align=\"center\"><strong>3%<\/strong><\/td><\/tr><tr><td class=\"has-text-align-center\" data-align=\"center\">10 000 001\u20ac - 20 000 000\u20ac<\/td><td class=\"has-text-align-center\" data-align=\"center\"><strong>2%<\/strong><\/td><\/tr><tr><td class=\"has-text-align-center\" data-align=\"center\">20 000 001\u20ac - 50 000 000\u20ac<\/td><td class=\"has-text-align-center\" data-align=\"center\"><strong>1,5%<\/strong><\/td><\/tr><tr><td class=\"has-text-align-center\" data-align=\"center\">50 000 001\u20ac et plus&nbsp;<\/td><td class=\"has-text-align-center\" data-align=\"center\"><strong>1%<\/strong><\/td><\/tr><\/tbody><\/table><\/figure>\n\n\n\n<p>12% TTC maximum du prix de vente. TVA applicable de 20%.&nbsp;<\/p>\n\n\n\n<p>Les honoraires sont \u00e0 la charge de l\u2019acqu\u00e9reur.<\/p>\n\n\n\n<p>Les prix indiqu\u00e9s sont hors Frais d\u2019Agence.&nbsp;&nbsp;<\/p>\n\n\n\n<p>Ces tarifs repr\u00e9sentent un maximum.&nbsp;&nbsp;<\/p>\n\n\n\n<p>Des am\u00e9nagements d\u00e9gressifs pourront \u00eatre apport\u00e9s en fonction de l\u2019importance de notre intervention et du prix des biens.&nbsp;<\/p>\n\n\n\n<ol class=\"wp-block-list\" start=\"2\">\n<li><strong>Honoraires de location - Locaux commerciaux ou professionnels<\/strong> <strong>(bail pr\u00e9caire ou 3\/6\/9)<\/strong><\/li>\n<\/ol>\n\n\n\n<p>30% du loyer annuel hors taxes et hors charges<\/p>\n","protected":false},"excerpt":{"rendered":"<p>BAR\u00c8ME DES HONORAIRES DE L\u2019AGENCE AU 1 JANVIER 2021 Montant de la vente compris entre Honoraires HT 150 000\u20ac et moins 10 % 150 001\u20ac - 500 000\u20ac 7% 500 001\u20ac - 1 000 000\u20ac 5% 1 000 001\u20ac - 3 000 000\u20ac 4% 3 000 001\u20ac - 10 000 000\u20ac 3% 10 000 001\u20ac [&hellip;]<\/p>\n","protected":false},"author":4,"featured_media":0,"parent":0,"menu_order":0,"comment_status":"closed","ping_status":"closed","template":"","meta":{"_acf_changed":false,"inline_featured_image":false,"footnotes":""},"class_list":["post-2861","page","type-page","status-publish","hentry","post-wrapper"],"acf":[],"yoast_head":"<!-- This site is optimized with the Yoast SEO plugin v27.5 - https:\/\/yoast.com\/product\/yoast-seo-wordpress\/ -->\n<title>BAR\u00c8ME DES HONORAIRE Rock n Data<\/title>\n<meta name=\"description\" content=\"D\u00e9couvrez le bar\u00e8me des honoraires de notre agence au 1 janvier 2021. Tarifs transparents et comp\u00e9titifs pour nos services.\" \/>\n<meta name=\"robots\" content=\"index, follow, max-snippet:-1, max-image-preview:large, max-video-preview:-1\" \/>\n<link rel=\"canonical\" href=\"https:\/\/www.rock-n-data.io\/fr\/fees\/\" \/>\n<meta property=\"og:locale\" content=\"fr_FR\" \/>\n<meta property=\"og:type\" content=\"article\" \/>\n<meta property=\"og:title\" content=\"BAR\u00c8ME DES HONORAIRE Rock n Data\" \/>\n<meta property=\"og:description\" content=\"D\u00e9couvrez le bar\u00e8me des honoraires de notre agence au 1 janvier 2021. Tarifs transparents et comp\u00e9titifs pour nos services.\" \/>\n<meta property=\"og:url\" content=\"https:\/\/www.rock-n-data.io\/fr\/fees\/\" \/>\n<meta property=\"og:site_name\" content=\"Rock &amp; DATA\" \/>\n<meta property=\"article:modified_time\" content=\"2023-06-02T14:02:12+00:00\" \/>\n<meta name=\"twitter:card\" content=\"summary_large_image\" \/>\n<meta name=\"twitter:label1\" content=\"Dur\u00e9e de lecture estim\u00e9e\" \/>\n\t<meta name=\"twitter:data1\" content=\"1 minute\" \/>\n<script type=\"application\/ld+json\" class=\"yoast-schema-graph\">{\"@context\":\"https:\\\/\\\/schema.org\",\"@graph\":[{\"@type\":\"WebPage\",\"@id\":\"https:\\\/\\\/www.rock-n-data.io\\\/fr\\\/fees\\\/\",\"url\":\"https:\\\/\\\/www.rock-n-data.io\\\/fr\\\/fees\\\/\",\"name\":\"BAR\u00c8ME DES HONORAIRE Rock n Data\",\"isPartOf\":{\"@id\":\"https:\\\/\\\/www.rock-n-data.io\\\/fr\\\/#website\"},\"datePublished\":\"2021-03-23T16:10:14+00:00\",\"dateModified\":\"2023-06-02T14:02:12+00:00\",\"description\":\"D\u00e9couvrez le bar\u00e8me des honoraires de notre agence au 1 janvier 2021. Tarifs transparents et comp\u00e9titifs pour nos services.\",\"breadcrumb\":{\"@id\":\"https:\\\/\\\/www.rock-n-data.io\\\/fr\\\/fees\\\/#breadcrumb\"},\"inLanguage\":\"fr-FR\",\"potentialAction\":[{\"@type\":\"ReadAction\",\"target\":[\"https:\\\/\\\/www.rock-n-data.io\\\/fr\\\/fees\\\/\"]}]},{\"@type\":\"BreadcrumbList\",\"@id\":\"https:\\\/\\\/www.rock-n-data.io\\\/fr\\\/fees\\\/#breadcrumb\",\"itemListElement\":[{\"@type\":\"ListItem\",\"position\":1,\"name\":\"Home\",\"item\":\"https:\\\/\\\/www.rock-n-data.io\\\/fr\\\/\"},{\"@type\":\"ListItem\",\"position\":2,\"name\":\"Fees\"}]},{\"@type\":\"WebSite\",\"@id\":\"https:\\\/\\\/www.rock-n-data.io\\\/fr\\\/#website\",\"url\":\"https:\\\/\\\/www.rock-n-data.io\\\/fr\\\/\",\"name\":\"Rock &amp; DATA\",\"description\":\"When data meets commercial real estate investment\",\"potentialAction\":[{\"@type\":\"SearchAction\",\"target\":{\"@type\":\"EntryPoint\",\"urlTemplate\":\"https:\\\/\\\/www.rock-n-data.io\\\/fr\\\/?s={search_term_string}\"},\"query-input\":{\"@type\":\"PropertyValueSpecification\",\"valueRequired\":true,\"valueName\":\"search_term_string\"}}],\"inLanguage\":\"fr-FR\"}]}<\/script>\n<!-- \/ Yoast SEO plugin. -->","yoast_head_json":{"title":"BAR\u00c8ME DES HONORAIRE Rock n Data","description":"D\u00e9couvrez le bar\u00e8me des honoraires de notre agence au 1 janvier 2021. Tarifs transparents et comp\u00e9titifs pour nos services.","robots":{"index":"index","follow":"follow","max-snippet":"max-snippet:-1","max-image-preview":"max-image-preview:large","max-video-preview":"max-video-preview:-1"},"canonical":"https:\/\/www.rock-n-data.io\/fr\/fees\/","og_locale":"fr_FR","og_type":"article","og_title":"BAR\u00c8ME DES HONORAIRE Rock n Data","og_description":"D\u00e9couvrez le bar\u00e8me des honoraires de notre agence au 1 janvier 2021. Tarifs transparents et comp\u00e9titifs pour nos services.","og_url":"https:\/\/www.rock-n-data.io\/fr\/fees\/","og_site_name":"Rock &amp; DATA","article_modified_time":"2023-06-02T14:02:12+00:00","twitter_card":"summary_large_image","twitter_misc":{"Dur\u00e9e de lecture estim\u00e9e":"1 minute"},"schema":{"@context":"https:\/\/schema.org","@graph":[{"@type":"WebPage","@id":"https:\/\/www.rock-n-data.io\/fr\/fees\/","url":"https:\/\/www.rock-n-data.io\/fr\/fees\/","name":"BAR\u00c8ME DES HONORAIRE Rock n Data","isPartOf":{"@id":"https:\/\/www.rock-n-data.io\/fr\/#website"},"datePublished":"2021-03-23T16:10:14+00:00","dateModified":"2023-06-02T14:02:12+00:00","description":"D\u00e9couvrez le bar\u00e8me des honoraires de notre agence au 1 janvier 2021. Tarifs transparents et comp\u00e9titifs pour nos services.","breadcrumb":{"@id":"https:\/\/www.rock-n-data.io\/fr\/fees\/#breadcrumb"},"inLanguage":"fr-FR","potentialAction":[{"@type":"ReadAction","target":["https:\/\/www.rock-n-data.io\/fr\/fees\/"]}]},{"@type":"BreadcrumbList","@id":"https:\/\/www.rock-n-data.io\/fr\/fees\/#breadcrumb","itemListElement":[{"@type":"ListItem","position":1,"name":"Home","item":"https:\/\/www.rock-n-data.io\/fr\/"},{"@type":"ListItem","position":2,"name":"Fees"}]},{"@type":"WebSite","@id":"https:\/\/www.rock-n-data.io\/fr\/#website","url":"https:\/\/www.rock-n-data.io\/fr\/","name":"Rock &amp; DATA","description":"When data meets commercial real estate investment","potentialAction":[{"@type":"SearchAction","target":{"@type":"EntryPoint","urlTemplate":"https:\/\/www.rock-n-data.io\/fr\/?s={search_term_string}"},"query-input":{"@type":"PropertyValueSpecification","valueRequired":true,"valueName":"search_term_string"}}],"inLanguage":"fr-FR"}]}},"_links":{"self":[{"href":"https:\/\/www.rock-n-data.io\/fr\/wp-json\/wp\/v2\/pages\/2861","targetHints":{"allow":["GET"]}}],"collection":[{"href":"https:\/\/www.rock-n-data.io\/fr\/wp-json\/wp\/v2\/pages"}],"about":[{"href":"https:\/\/www.rock-n-data.io\/fr\/wp-json\/wp\/v2\/types\/page"}],"author":[{"embeddable":true,"href":"https:\/\/www.rock-n-data.io\/fr\/wp-json\/wp\/v2\/users\/4"}],"replies":[{"embeddable":true,"href":"https:\/\/www.rock-n-data.io\/fr\/wp-json\/wp\/v2\/comments?post=2861"}],"version-history":[{"count":0,"href":"https:\/\/www.rock-n-data.io\/fr\/wp-json\/wp\/v2\/pages\/2861\/revisions"}],"wp:attachment":[{"href":"https:\/\/www.rock-n-data.io\/fr\/wp-json\/wp\/v2\/media?parent=2861"}],"curies":[{"name":"wp","href":"https:\/\/api.w.org\/{rel}","templated":true}]}}